{"id":127,"date":"2024-07-22T19:00:59","date_gmt":"2024-07-22T17:00:59","guid":{"rendered":"http:\/\/www.epagneul-papillon.com\/?page_id=127"},"modified":"2025-12-04T12:45:35","modified_gmt":"2025-12-04T11:45:35","slug":"nos-reproducteurs","status":"publish","type":"page","link":"https:\/\/www.epagneul-papillon.com\/index.php\/nos-reproducteurs\/","title":{"rendered":"Nos reproducteurs"},"content":{"rendered":"\n<h2 class=\"wp-block-heading\">Les \u00e9talons<\/h2>\n\n\n\n<div class=\"wp-block-media-text is-stacked-on-mobile is-vertically-aligned-top\" style=\"grid-template-columns:39% auto\"><figure class=\"wp-block-media-text__media\"><img loading=\"lazy\" decoding=\"async\" width=\"300\" height=\"225\" src=\"https:\/\/www.epagneul-papillon.com\/wp-content\/uploads\/2024\/07\/tactic-2ans-300x225.jpg\" alt=\"\" class=\"wp-image-125 size-medium\" srcset=\"https:\/\/www.epagneul-papillon.com\/wp-content\/uploads\/2024\/07\/tactic-2ans-300x225.jpg 300w, https:\/\/www.epagneul-papillon.com\/wp-content\/uploads\/2024\/07\/tactic-2ans.jpg 425w\" sizes=\"auto, (max-width: 300px) 100vw, 300px\" \/><\/figure><div class=\"wp-block-media-text__content\">\n<p>Tac-Tic de la Vall\u00e9e des Gentianes, joli m\u00e2le tr\u00e8s sportif ( capable de faire des Km de randonn\u00e9e) mais aussi d\u00e9j\u00e0 champion international jeune, et plusieurs CACS et CACIB en exposition de beaut\u00e9 il est en station chez Nicolas Jouvenez.<\/p>\n\n\n\n<div class=\"wp-block-group is-vertical is-layout-flex wp-container-core-group-is-layout-8cf370e7 wp-block-group-is-layout-flex\">\n<p>pour voir le p\u00e9digr\u00e9e cliquez le bouton<\/p>\n\n\n\n<div class=\"wp-block-buttons is-content-justification-center is-layout-flex wp-container-core-buttons-is-layout-16018d1d wp-block-buttons-is-layout-flex\">\n<div class=\"wp-block-button is-style-outline is-style-outline--1\"><a class=\"wp-block-button__link wp-element-button\" href=\"https:\/\/www.epagneul-papillon.com\/index.php\/essais\/\">Tac-Tic<\/a><\/div>\n<\/div>\n<\/div>\n<\/div><\/div>\n\n\n\n<div class=\"wp-block-media-text has-media-on-the-right is-stacked-on-mobile\"><div class=\"wp-block-media-text__content\">\n<p>Taquin de la Bruy\u00e8re du Mazy confirm\u00e9,  futur \u00e9talon (en attente des tests de sant\u00e9) CSAU ok , il a obtenu son pass en agility \u00e0 2 ans et il a commenc\u00e9 les concours en \u00e9t\u00e9 2024.<\/p>\n<\/div><figure class=\"wp-block-media-text__media\"><img loading=\"lazy\" decoding=\"async\" width=\"380\" height=\"360\" src=\"https:\/\/www.epagneul-papillon.com\/wp-content\/uploads\/2024\/08\/taquin.jpg\" alt=\"\" class=\"wp-image-336 size-full\" srcset=\"https:\/\/www.epagneul-papillon.com\/wp-content\/uploads\/2024\/08\/taquin.jpg 380w, https:\/\/www.epagneul-papillon.com\/wp-content\/uploads\/2024\/08\/taquin-300x284.jpg 300w\" sizes=\"auto, (max-width: 380px) 100vw, 380px\" \/><\/figure><\/div>\n\n\n\n<hr class=\"wp-block-separator has-alpha-channel-opacity\"\/>\n\n\n\n<h2 class=\"wp-block-heading\">Nos reproductrices<\/h2>\n\n\n\n<div class=\"wp-block-media-text has-media-on-the-right is-stacked-on-mobile\" style=\"grid-template-columns:auto 40%\"><div class=\"wp-block-media-text__content\">\n<p>Shipie de la Bruy\u00e8re du Mazy, jolie chienne de 3,1kg, APr1 ok par filiation, rotule ok test ADN fait. Chez Nicolas Jouvenez avec Tac-Tic.<\/p>\n<\/div><figure class=\"wp-block-media-text__media\"><img loading=\"lazy\" decoding=\"async\" width=\"1024\" height=\"997\" src=\"https:\/\/www.epagneul-papillon.com\/wp-content\/uploads\/2024\/07\/shipie1-1-1024x997.jpg\" alt=\"\" class=\"wp-image-129 size-full\" srcset=\"https:\/\/www.epagneul-papillon.com\/wp-content\/uploads\/2024\/07\/shipie1-1-1024x997.jpg 1024w, https:\/\/www.epagneul-papillon.com\/wp-content\/uploads\/2024\/07\/shipie1-1-300x292.jpg 300w, https:\/\/www.epagneul-papillon.com\/wp-content\/uploads\/2024\/07\/shipie1-1-768x748.jpg 768w, https:\/\/www.epagneul-papillon.com\/wp-content\/uploads\/2024\/07\/shipie1-1-1536x1495.jpg 1536w, https:\/\/www.epagneul-papillon.com\/wp-content\/uploads\/2024\/07\/shipie1-1-2048x1994.jpg 2048w\" sizes=\"auto, (max-width: 1024px) 100vw, 1024px\" \/><\/figure><\/div>\n\n\n\n<h2 class=\"wp-block-heading\">Une futur reproductrice<\/h2>\n\n\n\n<div class=\"wp-block-media-text is-stacked-on-mobile\"><figure class=\"wp-block-media-text__media\"><img loading=\"lazy\" decoding=\"async\" width=\"350\" height=\"304\" src=\"https:\/\/www.epagneul-papillon.com\/wp-content\/uploads\/2024\/08\/canaille.jpg\" alt=\"\" class=\"wp-image-347 size-full\" srcset=\"https:\/\/www.epagneul-papillon.com\/wp-content\/uploads\/2024\/08\/canaille.jpg 350w, https:\/\/www.epagneul-papillon.com\/wp-content\/uploads\/2024\/08\/canaille-300x261.jpg 300w\" sizes=\"auto, (max-width: 350px) 100vw, 350px\" \/><\/figure><div class=\"wp-block-media-text__content\">\n<p>Une Tit&rsquo; Canaille fille de Patchouli et de Tac-Tic, 2,4kg \u00e0 8 mois (le 15 juillet 2024 ) elle sera pr\u00e9sent\u00e9e \u00e0 l&rsquo;expo de Pierrelatte en septembre 2024, selon le poids \u00e0 2 ans elle pourrait reproduire. Finalement jug\u00e9e trop petite elle ne reproduira pas.<\/p>\n<\/div><\/div>\n","protected":false},"excerpt":{"rendered":"<p>Les \u00e9talons Taquin de la Bruy\u00e8re du Mazy confirm\u00e9, futur \u00e9talon (en attente des tests de sant\u00e9) CSAU ok , il a obtenu son pass en agility \u00e0 2 ans et il a commenc\u00e9 les concours en \u00e9t\u00e9 2024. Nos &hellip; <a href=\"https:\/\/www.epagneul-papillon.com\/index.php\/nos-reproducteurs\/\">Continuer la lecture <span class=\"meta-nav\">&rarr;<\/span><\/a><\/p>\n","protected":false},"author":1,"featured_media":0,"parent":0,"menu_order":0,"comment_status":"closed","ping_status":"closed","template":"onecolumn-page.php","meta":{"footnotes":""},"class_list":["post-127","page","type-page","status-publish","hentry"],"_links":{"self":[{"href":"https:\/\/www.epagneul-papillon.com\/index.php\/wp-json\/wp\/v2\/pages\/127","targetHints":{"allow":["GET"]}}],"collection":[{"href":"https:\/\/www.epagneul-papillon.com\/index.php\/wp-json\/wp\/v2\/pages"}],"about":[{"href":"https:\/\/www.epagneul-papillon.com\/index.php\/wp-json\/wp\/v2\/types\/page"}],"author":[{"embeddable":true,"href":"https:\/\/www.epagneul-papillon.com\/index.php\/wp-json\/wp\/v2\/users\/1"}],"replies":[{"embeddable":true,"href":"https:\/\/www.epagneul-papillon.com\/index.php\/wp-json\/wp\/v2\/comments?post=127"}],"version-history":[{"count":46,"href":"https:\/\/www.epagneul-papillon.com\/index.php\/wp-json\/wp\/v2\/pages\/127\/revisions"}],"predecessor-version":[{"id":616,"href":"https:\/\/www.epagneul-papillon.com\/index.php\/wp-json\/wp\/v2\/pages\/127\/revisions\/616"}],"wp:attachment":[{"href":"https:\/\/www.epagneul-papillon.com\/index.php\/wp-json\/wp\/v2\/media?parent=127"}],"curies":[{"name":"wp","href":"https:\/\/api.w.org\/{rel}","templated":true}]}}