{"id":170,"date":"2024-07-24T12:53:35","date_gmt":"2024-07-24T10:53:35","guid":{"rendered":"http:\/\/www.epagneul-papillon.com\/?page_id=170"},"modified":"2026-01-28T12:44:22","modified_gmt":"2026-01-28T11:44:22","slug":"les-chiots-a-reserver","status":"publish","type":"page","link":"https:\/\/www.epagneul-papillon.com\/index.php\/les-chiots-a-reserver\/","title":{"rendered":"Les chiots \u00e0 r\u00e9server"},"content":{"rendered":"\n<div class=\"wp-block-group\"><div class=\"wp-block-group__inner-container is-layout-constrained wp-block-group-is-layout-constrained\">\n<div class=\"wp-block-group\"><div class=\"wp-block-group__inner-container is-layout-constrained wp-block-group-is-layout-constrained\">\n<div class=\"wp-block-group has-small-font-size\" style=\"font-style:normal;font-weight:400\"><div class=\"wp-block-group__inner-container is-layout-constrained wp-block-group-is-layout-constrained\">\n<p>Voir la page \u00ab\u00a0<a href=\"https:\/\/www.epagneul-papillon.com\/index.php\/les-informations-recentes\/\" data-type=\"page\" data-id=\"49\">les prochaines port\u00e9es<\/a>\u00ab\u00a0<\/p>\n<\/div><\/div>\n<\/div><\/div>\n<\/div><\/div>\n\n\n\n<p>Pour r\u00e9server et vous positionner sur la liste d&rsquo;attente, nous contacter par t\u00e9l\u00e9phone au 04 90 41 99 92 et 06 70 64 10 60 ou par E-mail sur <a href=\"mailto:jouvenez.jm@wanadoo.fr\">jouvenez.jm@wanadoo.fr<\/a>.voir la page <\/p>\n\n\n\n<p>Tous nos chiots sont inscrits au LOF, vaccin\u00e9s, identifi\u00e9s par puce \u00e9lectronique.<br>Ils partiront dans leurs nouvelles familles avec le carnet de sant\u00e9, le certificat de bonne sant\u00e9, l&rsquo;information chiot, un kit de nourriture, jouets et doudou qu&rsquo;ils connaissent.<\/p>\n\n\n\n<p>Les parents sont visibles \u00e0 l&rsquo;\u00e9levage, nous contacter SVP avant de venir nous voir.<\/p>\n","protected":false},"excerpt":{"rendered":"<p>Voir la page \u00ab\u00a0les prochaines port\u00e9es\u00ab\u00a0 Pour r\u00e9server et vous positionner sur la liste d&rsquo;attente, nous contacter par t\u00e9l\u00e9phone au 04 90 41 99 92 et 06 70 64 10 60 ou par E-mail sur jouvenez.jm@wanadoo.fr.voir la page Tous nos &hellip; <a href=\"https:\/\/www.epagneul-papillon.com\/index.php\/les-chiots-a-reserver\/\">Continuer la lecture <span class=\"meta-nav\">&rarr;<\/span><\/a><\/p>\n","protected":false},"author":1,"featured_media":526,"parent":0,"menu_order":0,"comment_status":"closed","ping_status":"closed","template":"","meta":{"footnotes":""},"class_list":["post-170","page","type-page","status-publish","has-post-thumbnail","hentry"],"_links":{"self":[{"href":"https:\/\/www.epagneul-papillon.com\/index.php\/wp-json\/wp\/v2\/pages\/170","targetHints":{"allow":["GET"]}}],"collection":[{"href":"https:\/\/www.epagneul-papillon.com\/index.php\/wp-json\/wp\/v2\/pages"}],"about":[{"href":"https:\/\/www.epagneul-papillon.com\/index.php\/wp-json\/wp\/v2\/types\/page"}],"author":[{"embeddable":true,"href":"https:\/\/www.epagneul-papillon.com\/index.php\/wp-json\/wp\/v2\/users\/1"}],"replies":[{"embeddable":true,"href":"https:\/\/www.epagneul-papillon.com\/index.php\/wp-json\/wp\/v2\/comments?post=170"}],"version-history":[{"count":91,"href":"https:\/\/www.epagneul-papillon.com\/index.php\/wp-json\/wp\/v2\/pages\/170\/revisions"}],"predecessor-version":[{"id":632,"href":"https:\/\/www.epagneul-papillon.com\/index.php\/wp-json\/wp\/v2\/pages\/170\/revisions\/632"}],"wp:featuredmedia":[{"embeddable":true,"href":"https:\/\/www.epagneul-papillon.com\/index.php\/wp-json\/wp\/v2\/media\/526"}],"wp:attachment":[{"href":"https:\/\/www.epagneul-papillon.com\/index.php\/wp-json\/wp\/v2\/media?parent=170"}],"curies":[{"name":"wp","href":"https:\/\/api.w.org\/{rel}","templated":true}]}}