{"id":49,"date":"2024-07-21T10:01:07","date_gmt":"2024-07-21T08:01:07","guid":{"rendered":"http:\/\/www.epagneul-papillon.com\/?page_id=49"},"modified":"2026-04-16T12:40:44","modified_gmt":"2026-04-16T10:40:44","slug":"les-informations-recentes","status":"publish","type":"page","link":"https:\/\/www.epagneul-papillon.com\/index.php\/les-informations-recentes\/","title":{"rendered":"Les prochaines port\u00e9es"},"content":{"rendered":"\n<p><\/p>\n\n\n\n<p>Une prochaine port\u00e9e est envisag\u00e9e pour la fin de l&rsquo;ann\u00e9e 2026 de Shipie et de Tac-Tic.<\/p>\n\n\n\n<figure class=\"wp-block-gallery has-nested-images columns-default is-cropped wp-block-gallery-1 is-layout-flex wp-block-gallery-is-layout-flex\">\n<figure class=\"wp-block-image size-large\"><img loading=\"lazy\" decoding=\"async\" width=\"425\" height=\"319\" data-id=\"125\" src=\"https:\/\/www.epagneul-papillon.com\/wp-content\/uploads\/2024\/07\/tactic-2ans.jpg\" alt=\"Tac-Tic\" class=\"wp-image-125\" srcset=\"https:\/\/www.epagneul-papillon.com\/wp-content\/uploads\/2024\/07\/tactic-2ans.jpg 425w, https:\/\/www.epagneul-papillon.com\/wp-content\/uploads\/2024\/07\/tactic-2ans-300x225.jpg 300w\" sizes=\"auto, (max-width: 425px) 100vw, 425px\" \/><figcaption class=\"wp-element-caption\">Tac-Tic champion international jeune<\/figcaption><\/figure>\n\n\n\n<figure class=\"wp-block-image size-large\"><img loading=\"lazy\" decoding=\"async\" width=\"1024\" height=\"997\" data-id=\"123\" src=\"https:\/\/www.epagneul-papillon.com\/wp-content\/uploads\/2024\/07\/shipie1-1024x997.jpg\" alt=\"\" class=\"wp-image-123\" srcset=\"https:\/\/www.epagneul-papillon.com\/wp-content\/uploads\/2024\/07\/shipie1-1024x997.jpg 1024w, https:\/\/www.epagneul-papillon.com\/wp-content\/uploads\/2024\/07\/shipie1-300x292.jpg 300w, https:\/\/www.epagneul-papillon.com\/wp-content\/uploads\/2024\/07\/shipie1-768x748.jpg 768w, https:\/\/www.epagneul-papillon.com\/wp-content\/uploads\/2024\/07\/shipie1-1536x1495.jpg 1536w, https:\/\/www.epagneul-papillon.com\/wp-content\/uploads\/2024\/07\/shipie1-2048x1994.jpg 2048w\" sizes=\"auto, (max-width: 1024px) 100vw, 1024px\" \/><figcaption class=\"wp-element-caption\">Shipie de la Bruy\u00e8re du Mazy<\/figcaption><\/figure>\n<\/figure>\n\n\n\n<p><\/p>\n","protected":false},"excerpt":{"rendered":"<p>Une prochaine port\u00e9e est envisag\u00e9e pour la fin de l&rsquo;ann\u00e9e 2026 de Shipie et de Tac-Tic.<\/p>\n","protected":false},"author":1,"featured_media":0,"parent":0,"menu_order":0,"comment_status":"closed","ping_status":"closed","template":"onecolumn-page.php","meta":{"footnotes":""},"class_list":["post-49","page","type-page","status-publish","hentry"],"_links":{"self":[{"href":"https:\/\/www.epagneul-papillon.com\/index.php\/wp-json\/wp\/v2\/pages\/49","targetHints":{"allow":["GET"]}}],"collection":[{"href":"https:\/\/www.epagneul-papillon.com\/index.php\/wp-json\/wp\/v2\/pages"}],"about":[{"href":"https:\/\/www.epagneul-papillon.com\/index.php\/wp-json\/wp\/v2\/types\/page"}],"author":[{"embeddable":true,"href":"https:\/\/www.epagneul-papillon.com\/index.php\/wp-json\/wp\/v2\/users\/1"}],"replies":[{"embeddable":true,"href":"https:\/\/www.epagneul-papillon.com\/index.php\/wp-json\/wp\/v2\/comments?post=49"}],"version-history":[{"count":27,"href":"https:\/\/www.epagneul-papillon.com\/index.php\/wp-json\/wp\/v2\/pages\/49\/revisions"}],"predecessor-version":[{"id":638,"href":"https:\/\/www.epagneul-papillon.com\/index.php\/wp-json\/wp\/v2\/pages\/49\/revisions\/638"}],"wp:attachment":[{"href":"https:\/\/www.epagneul-papillon.com\/index.php\/wp-json\/wp\/v2\/media?parent=49"}],"curies":[{"name":"wp","href":"https:\/\/api.w.org\/{rel}","templated":true}]}}