{"id":52,"date":"2024-07-21T10:21:46","date_gmt":"2024-07-21T08:21:46","guid":{"rendered":"http:\/\/www.epagneul-papillon.com\/?page_id=52"},"modified":"2025-12-26T09:53:33","modified_gmt":"2025-12-26T08:53:33","slug":"nos-chiens","status":"publish","type":"page","link":"https:\/\/www.epagneul-papillon.com\/index.php\/nos-chiens\/","title":{"rendered":"Nos chiens retrait\u00e9s"},"content":{"rendered":"\n<h2 class=\"wp-block-heading\">les m\u00e2les retrait\u00e9s<\/h2>\n\n\n\n<div class=\"wp-block-media-text is-stacked-on-mobile\" style=\"grid-template-columns:39% auto\"><figure class=\"wp-block-media-text__media\"><img loading=\"lazy\" decoding=\"async\" width=\"580\" height=\"470\" src=\"https:\/\/www.epagneul-papillon.com\/wp-content\/uploads\/2024\/07\/Mika.jpg\" alt=\"\" class=\"wp-image-42 size-full\" srcset=\"https:\/\/www.epagneul-papillon.com\/wp-content\/uploads\/2024\/07\/Mika.jpg 580w, https:\/\/www.epagneul-papillon.com\/wp-content\/uploads\/2024\/07\/Mika-300x243.jpg 300w\" sizes=\"auto, (max-width: 580px) 100vw, 580px\" \/><\/figure><div class=\"wp-block-media-text__content\">\n<p>Up and Down&rsquo;s Wondrefull World (dit Mika), notre petit Su\u00e9dois, plusieurs CACIB en exposition de beaut\u00e9 en France en Espagne et en Italie, RCACS en NE. maintenant en station chez Mme Manini.<\/p>\n<\/div><\/div>\n\n\n\n<div class=\"wp-block-media-text has-media-on-the-right is-stacked-on-mobile\" style=\"grid-template-columns:auto 41%\"><div class=\"wp-block-media-text__content\">\n<p>Flecher, notre petit Anglais de chez Ringland Meilleur jeune en NE puis il a continu\u00e9 une carri\u00e8re de sportif en comp\u00e9tition d&rsquo;agility qualifi\u00e9 pour les Championnats de France, maintenant \u00e0 la retraite, toujours \u00e0 l&rsquo;\u00e9levage.<\/p>\n<\/div><figure class=\"wp-block-media-text__media\"><img loading=\"lazy\" decoding=\"async\" width=\"905\" height=\"869\" src=\"https:\/\/www.epagneul-papillon.com\/wp-content\/uploads\/2024\/07\/FLETCHERAGILITY1.jpg\" alt=\"\" class=\"wp-image-145 size-full\" srcset=\"https:\/\/www.epagneul-papillon.com\/wp-content\/uploads\/2024\/07\/FLETCHERAGILITY1.jpg 905w, https:\/\/www.epagneul-papillon.com\/wp-content\/uploads\/2024\/07\/FLETCHERAGILITY1-300x288.jpg 300w, https:\/\/www.epagneul-papillon.com\/wp-content\/uploads\/2024\/07\/FLETCHERAGILITY1-768x737.jpg 768w\" sizes=\"auto, (max-width: 905px) 100vw, 905px\" \/><\/figure><\/div>\n\n\n\n<div class=\"wp-block-media-text is-stacked-on-mobile\" style=\"grid-template-columns:41% auto\"><figure class=\"wp-block-media-text__media\"><img loading=\"lazy\" decoding=\"async\" width=\"1024\" height=\"683\" src=\"https:\/\/www.epagneul-papillon.com\/wp-content\/uploads\/2025\/11\/loustic-grospierres-1024x683.jpg\" alt=\"\" class=\"wp-image-603 size-full\" srcset=\"https:\/\/www.epagneul-papillon.com\/wp-content\/uploads\/2025\/11\/loustic-grospierres-1024x683.jpg 1024w, https:\/\/www.epagneul-papillon.com\/wp-content\/uploads\/2025\/11\/loustic-grospierres-300x200.jpg 300w, https:\/\/www.epagneul-papillon.com\/wp-content\/uploads\/2025\/11\/loustic-grospierres-768x512.jpg 768w, https:\/\/www.epagneul-papillon.com\/wp-content\/uploads\/2025\/11\/loustic-grospierres-1536x1024.jpg 1536w, https:\/\/www.epagneul-papillon.com\/wp-content\/uploads\/2025\/11\/loustic-grospierres-2048x1365.jpg 2048w\" sizes=\"auto, (max-width: 1024px) 100vw, 1024px\" \/><\/figure><div class=\"wp-block-media-text__content\">\n<p>Loustic un m\u00e2le de 4,8kg st\u00e9rilis\u00e9 \u00e0 8 mois, destin\u00e9 aux comp\u00e9titions d&rsquo;agility, s\u00e9lectionn\u00e9 3 fois aux championnats de France, Champion par \u00e9quipe en 2021. A 10 ans, il a finit sa carri\u00e8re en Agility, maintenant en retraite, il restera toujours  \u00e0 la maison.<\/p>\n<\/div><\/div>\n\n\n\n<h2 class=\"wp-block-heading\">Nos femelles retrait\u00e9es<\/h2>\n\n\n\n<p><\/p>\n\n\n\n<div class=\"wp-block-media-text is-stacked-on-mobile is-vertically-aligned-top\" style=\"grid-template-columns:30% auto\"><figure class=\"wp-block-media-text__media\"><img loading=\"lazy\" decoding=\"async\" width=\"512\" height=\"512\" src=\"https:\/\/www.epagneul-papillon.com\/wp-content\/uploads\/2024\/07\/cropped-lison1.jpg\" alt=\"\" class=\"wp-image-71 size-full\" srcset=\"https:\/\/www.epagneul-papillon.com\/wp-content\/uploads\/2024\/07\/cropped-lison1.jpg 512w, https:\/\/www.epagneul-papillon.com\/wp-content\/uploads\/2024\/07\/cropped-lison1-300x300.jpg 300w, https:\/\/www.epagneul-papillon.com\/wp-content\/uploads\/2024\/07\/cropped-lison1-150x150.jpg 150w, https:\/\/www.epagneul-papillon.com\/wp-content\/uploads\/2024\/07\/cropped-lison1-270x270.jpg 270w, https:\/\/www.epagneul-papillon.com\/wp-content\/uploads\/2024\/07\/cropped-lison1-192x192.jpg 192w, https:\/\/www.epagneul-papillon.com\/wp-content\/uploads\/2024\/07\/cropped-lison1-180x180.jpg 180w, https:\/\/www.epagneul-papillon.com\/wp-content\/uploads\/2024\/07\/cropped-lison1-32x32.jpg 32w\" sizes=\"auto, (max-width: 512px) 100vw, 512px\" \/><\/figure><div class=\"wp-block-media-text__content\">\n<p>Lison de la Bruy\u00e8re du Mazy, retrait\u00e9e et maintenant st\u00e9rilis\u00e9e, de nombreux CACIB en exposition de beaut\u00e9, elle est  toujours pr\u00e9sente \u00e0 l&rsquo;\u00e9levage.<\/p>\n<\/div><\/div>\n\n\n\n<p><\/p>\n\n\n\n<div class=\"wp-block-media-text is-stacked-on-mobile is-vertically-aligned-top\" style=\"grid-template-columns:43% auto\"><figure class=\"wp-block-media-text__media\"><img loading=\"lazy\" decoding=\"async\" width=\"1024\" height=\"899\" src=\"https:\/\/www.epagneul-papillon.com\/wp-content\/uploads\/2024\/07\/patchouli2-9mois-1024x899.jpg\" alt=\"\" class=\"wp-image-128 size-full\" srcset=\"https:\/\/www.epagneul-papillon.com\/wp-content\/uploads\/2024\/07\/patchouli2-9mois-1024x899.jpg 1024w, https:\/\/www.epagneul-papillon.com\/wp-content\/uploads\/2024\/07\/patchouli2-9mois-300x263.jpg 300w, https:\/\/www.epagneul-papillon.com\/wp-content\/uploads\/2024\/07\/patchouli2-9mois-768x674.jpg 768w, https:\/\/www.epagneul-papillon.com\/wp-content\/uploads\/2024\/07\/patchouli2-9mois-1536x1348.jpg 1536w, https:\/\/www.epagneul-papillon.com\/wp-content\/uploads\/2024\/07\/patchouli2-9mois.jpg 1817w\" sizes=\"auto, (max-width: 1024px) 100vw, 1024px\" \/><\/figure><div class=\"wp-block-media-text__content\">\n<p class=\"has-text-align-left\">Une petite femelle: Patchouli de la Bruy\u00e8re du Mazy, fille de Lison et de Mika, meilleure Tr\u00e8s Prometteur et meilleure Baby \u00e0 l\u2019exposition de Perpignan le 26\/01\/2020 idem \u00e0 l\u2019exposition de valence le 8\/03\/2020, Championne de France en 2021, plusieurs CACIB en France, Espagne et RCACIB en Italie, tous les tests de sant\u00e9 ok.<br>Patchouli est maintenant st\u00e9rilis\u00e9e. Elle est et restera \u00e0 l&rsquo;\u00e9l\u00e9vage (maison canap\u00e9&#8230;).<\/p>\n\n\n\n<p><\/p>\n<\/div><\/div>\n\n\n\n<div class=\"wp-block-media-text is-stacked-on-mobile\"><figure class=\"wp-block-media-text__media\"><img loading=\"lazy\" decoding=\"async\" width=\"714\" height=\"828\" src=\"https:\/\/www.epagneul-papillon.com\/wp-content\/uploads\/2024\/07\/rehane-expo.jpg\" alt=\"\" class=\"wp-image-136 size-full\" srcset=\"https:\/\/www.epagneul-papillon.com\/wp-content\/uploads\/2024\/07\/rehane-expo.jpg 714w, https:\/\/www.epagneul-papillon.com\/wp-content\/uploads\/2024\/07\/rehane-expo-259x300.jpg 259w\" sizes=\"auto, (max-width: 714px) 100vw, 714px\" \/><\/figure><div class=\"wp-block-media-text__content\">\n<p>R\u00e9hane-Romance de la Bruy\u00e8re du Mazy, tous les tests de sant\u00e9 ok, plusieurs CACIB et CACS en exposition de beaut\u00e9 en station chez notre amie V\u00e9ronique Horth.<br>R\u00e9hane est maintenant st\u00e9rilis\u00e9e<\/p>\n<\/div><\/div>\n","protected":false},"excerpt":{"rendered":"<p>les m\u00e2les retrait\u00e9s Up and Down&rsquo;s Wondrefull World (dit Mika), notre petit Su\u00e9dois, plusieurs CACIB en exposition de beaut\u00e9 en France en Espagne et en Italie, RCACS en NE. maintenant en station chez Mme Manini. Flecher, notre petit Anglais de &hellip; <a href=\"https:\/\/www.epagneul-papillon.com\/index.php\/nos-chiens\/\">Continuer la lecture <span class=\"meta-nav\">&rarr;<\/span><\/a><\/p>\n","protected":false},"author":1,"featured_media":0,"parent":0,"menu_order":0,"comment_status":"closed","ping_status":"closed","template":"onecolumn-page.php","meta":{"footnotes":""},"class_list":["post-52","page","type-page","status-publish","hentry"],"_links":{"self":[{"href":"https:\/\/www.epagneul-papillon.com\/index.php\/wp-json\/wp\/v2\/pages\/52","targetHints":{"allow":["GET"]}}],"collection":[{"href":"https:\/\/www.epagneul-papillon.com\/index.php\/wp-json\/wp\/v2\/pages"}],"about":[{"href":"https:\/\/www.epagneul-papillon.com\/index.php\/wp-json\/wp\/v2\/types\/page"}],"author":[{"embeddable":true,"href":"https:\/\/www.epagneul-papillon.com\/index.php\/wp-json\/wp\/v2\/users\/1"}],"replies":[{"embeddable":true,"href":"https:\/\/www.epagneul-papillon.com\/index.php\/wp-json\/wp\/v2\/comments?post=52"}],"version-history":[{"count":22,"href":"https:\/\/www.epagneul-papillon.com\/index.php\/wp-json\/wp\/v2\/pages\/52\/revisions"}],"predecessor-version":[{"id":621,"href":"https:\/\/www.epagneul-papillon.com\/index.php\/wp-json\/wp\/v2\/pages\/52\/revisions\/621"}],"wp:attachment":[{"href":"https:\/\/www.epagneul-papillon.com\/index.php\/wp-json\/wp\/v2\/media?parent=52"}],"curies":[{"name":"wp","href":"https:\/\/api.w.org\/{rel}","templated":true}]}}