{"id":6,"date":"2025-01-06T21:33:02","date_gmt":"2025-01-06T20:33:02","guid":{"rendered":"http:\/\/www.epagneul-papillon.com\/?page_id=6"},"modified":"2026-04-16T12:39:48","modified_gmt":"2026-04-16T10:39:48","slug":"le-nouveau-e-mucem-ouvre-ses-portes-2","status":"publish","type":"page","link":"https:\/\/www.epagneul-papillon.com\/","title":{"rendered":"ACCUEIL"},"content":{"rendered":"\n<p>LES NOUVELLES<\/p>\n\n\n\n<p class=\"has-background\" style=\"background-color:#84f4a7\">Une port\u00e9e est pr\u00e9vue pour la fin de l&rsquo;ann\u00e9e 2026: pour plus d&rsquo;infos cliquez <a href=\"https:\/\/www.epagneul-papillon.com\/index.php\/les-informations-recentes\/\" data-type=\"page\" data-id=\"49\">ICI<\/a><\/p>\n\n\n\n<h2 class=\"wp-block-heading\">PRESENTATION DE NOTRE ELEVAGE<\/h2>\n\n\n\n<div class=\"wp-block-media-text has-background\" style=\"background:linear-gradient(135deg,rgb(255,245,203) 0%,rgb(182,227,212) 88%,rgb(51,167,181) 100%);font-style:normal;font-weight:400;grid-template-columns:33% auto\"><figure class=\"wp-block-media-text__media\"><img loading=\"lazy\" decoding=\"async\" width=\"300\" height=\"300\" src=\"https:\/\/www.epagneul-papillon.com\/wp-content\/uploads\/2024\/07\/cropped-lison1-300x300.jpg\" alt=\"\" class=\"wp-image-71 size-medium\" srcset=\"https:\/\/www.epagneul-papillon.com\/wp-content\/uploads\/2024\/07\/cropped-lison1-300x300.jpg 300w, https:\/\/www.epagneul-papillon.com\/wp-content\/uploads\/2024\/07\/cropped-lison1-150x150.jpg 150w, https:\/\/www.epagneul-papillon.com\/wp-content\/uploads\/2024\/07\/cropped-lison1-270x270.jpg 270w, https:\/\/www.epagneul-papillon.com\/wp-content\/uploads\/2024\/07\/cropped-lison1-192x192.jpg 192w, https:\/\/www.epagneul-papillon.com\/wp-content\/uploads\/2024\/07\/cropped-lison1-180x180.jpg 180w, https:\/\/www.epagneul-papillon.com\/wp-content\/uploads\/2024\/07\/cropped-lison1-32x32.jpg 32w, https:\/\/www.epagneul-papillon.com\/wp-content\/uploads\/2024\/07\/cropped-lison1.jpg 512w\" sizes=\"auto, (max-width: 300px) 100vw, 300px\" \/><\/figure><div class=\"wp-block-media-text__content\">\n<p class=\"has-text-align-left has-small-font-size\">Nous sommes un tout petit \u00e9levage-passion, malgr\u00e9 notre statut obligatoire d&rsquo;\u00e9leveur professionnel ( uniquement des chiens et chiots inscrits L.O.F. ) qui aimons les Papillons depuis de nombreuses ann\u00e9es : impossible de se lasser de ces petits farfadets tendres , c\u00e2lins et si proches de leurs ma\u00eetres. Notre objectif, \u00e0 travers la reproduction, est de faire conna\u00eetre notre race, de la faire d\u00e9couvrir vraiment&nbsp; et appr\u00e9cier \u00e0 sa juste valeur .<\/p>\n<\/div><\/div>\n\n\n\n<p class=\"has-small-font-size\">Chiens de compagnie par excellence ; les Papillons sont faciles \u00e0 vivre , ils s&rsquo;adaptent \u00e0 ce qu&rsquo;on leur propose : vie calme et canap\u00e9 ou agility et rando : pas de probl\u00e8me ! Les Papillons sont endurants et sportifs .<\/p>\n\n\n\n<div class=\"wp-block-media-text has-media-on-the-right is-stacked-on-mobile\" style=\"grid-template-columns:auto 43%\"><div class=\"wp-block-media-text__content\">\n<p class=\"has-small-font-size\">Tous nos BB naissent dans le salon sur le canap\u00e9, puis apr\u00e8s la mise-bas compl\u00e8tement termin\u00e9e, ils int\u00e8grent leur caisse d&rsquo;\u00e9volution toujours dans le salon avec bien \u00e9videmment leur maman qui peut entrer et sortir comme elle veut. Les chiots sont ainsi en contact avec nous et nos petits enfants qui ne manquent pas d&rsquo;aller les voir, ils sont aussi en contact avec tous les bruits de la maison (t\u00e9l\u00e9vision, musique , aspirateur &#8230;)Vers l&rsquo;\u00e2ge de 7 semaines ils commencent la d\u00e9couverte du parc ext\u00e9rieur attenant \u00e0 la nursery.<\/p>\n\n\n\n<p class=\"has-small-font-size\">Ils apprennent avec leur m\u00e8re la propret\u00e9 (pipi et caca \u00e0 l&rsquo;ext\u00e9rieur), \u00e0 jouer et \u00e0 courir sur leurs jeux d&rsquo;\u00e9veil.<\/p>\n<\/div><figure class=\"wp-block-media-text__media\"><img loading=\"lazy\" decoding=\"async\" width=\"709\" height=\"671\" src=\"https:\/\/www.epagneul-papillon.com\/wp-content\/uploads\/2024\/07\/bben_bas.jpg\" alt=\"\" class=\"wp-image-98 size-full\" srcset=\"https:\/\/www.epagneul-papillon.com\/wp-content\/uploads\/2024\/07\/bben_bas.jpg 709w, https:\/\/www.epagneul-papillon.com\/wp-content\/uploads\/2024\/07\/bben_bas-300x284.jpg 300w\" sizes=\"auto, (max-width: 709px) 100vw, 709px\" \/><\/figure><\/div>\n\n\n\n<div class=\"wp-block-media-text is-stacked-on-mobile is-vertically-aligned-center\" style=\"grid-template-columns:47% auto\"><figure class=\"wp-block-media-text__media\"><img loading=\"lazy\" decoding=\"async\" width=\"709\" height=\"500\" src=\"https:\/\/www.epagneul-papillon.com\/wp-content\/uploads\/2024\/07\/bbcaisse.jpg\" alt=\"\" class=\"wp-image-99 size-full\" srcset=\"https:\/\/www.epagneul-papillon.com\/wp-content\/uploads\/2024\/07\/bbcaisse.jpg 709w, https:\/\/www.epagneul-papillon.com\/wp-content\/uploads\/2024\/07\/bbcaisse-300x212.jpg 300w\" sizes=\"auto, (max-width: 709px) 100vw, 709px\" \/><\/figure><div class=\"wp-block-media-text__content\">\n<p class=\"has-small-font-size\" style=\"font-style:normal;font-weight:400\">Tous nos chiens sont visibles \u00e0 l&rsquo;\u00e9levage: prenez rendez-vous par T\u00e9l&nbsp; au&nbsp; 04 90 41 99 92, au 06 70 64 10 60 ou par mail: [<a href=\"mailto:jouvenez.jm@wanadoo.fr\">jouvenez.jm@wanadoo.fr<\/a>]<\/p>\n\n\n\n<p class=\"has-small-font-size\" style=\"font-style:normal;font-weight:400\">Notre devise: <\/p>\n\n\n\n<p class=\"has-medium-font-size\"><strong>Aimer et Respecter, Elever et Partager<\/strong>.<\/p>\n\n\n\n<p>Maryse et Jean Marc<\/p>\n<\/div><\/div>\n","protected":false},"excerpt":{"rendered":"<p>LES NOUVELLES Une port\u00e9e est pr\u00e9vue pour la fin de l&rsquo;ann\u00e9e 2026: pour plus d&rsquo;infos cliquez ICI PRESENTATION DE NOTRE ELEVAGE Nous sommes un tout petit \u00e9levage-passion, malgr\u00e9 notre statut obligatoire d&rsquo;\u00e9leveur professionnel ( uniquement des chiens et chiots inscrits &hellip; <a href=\"https:\/\/www.epagneul-papillon.com\/\">Continuer la lecture <span class=\"meta-nav\">&rarr;<\/span><\/a><\/p>\n","protected":false},"author":1,"featured_media":0,"parent":0,"menu_order":0,"comment_status":"closed","ping_status":"closed","template":"","meta":{"footnotes":""},"class_list":["post-6","page","type-page","status-publish","hentry"],"_links":{"self":[{"href":"https:\/\/www.epagneul-papillon.com\/index.php\/wp-json\/wp\/v2\/pages\/6","targetHints":{"allow":["GET"]}}],"collection":[{"href":"https:\/\/www.epagneul-papillon.com\/index.php\/wp-json\/wp\/v2\/pages"}],"about":[{"href":"https:\/\/www.epagneul-papillon.com\/index.php\/wp-json\/wp\/v2\/types\/page"}],"author":[{"embeddable":true,"href":"https:\/\/www.epagneul-papillon.com\/index.php\/wp-json\/wp\/v2\/users\/1"}],"replies":[{"embeddable":true,"href":"https:\/\/www.epagneul-papillon.com\/index.php\/wp-json\/wp\/v2\/comments?post=6"}],"version-history":[{"count":71,"href":"https:\/\/www.epagneul-papillon.com\/index.php\/wp-json\/wp\/v2\/pages\/6\/revisions"}],"predecessor-version":[{"id":637,"href":"https:\/\/www.epagneul-papillon.com\/index.php\/wp-json\/wp\/v2\/pages\/6\/revisions\/637"}],"wp:attachment":[{"href":"https:\/\/www.epagneul-papillon.com\/index.php\/wp-json\/wp\/v2\/media?parent=6"}],"curies":[{"name":"wp","href":"https:\/\/api.w.org\/{rel}","templated":true}]}}